{"id":83,"date":"2024-11-07T15:25:37","date_gmt":"2024-11-07T14:25:37","guid":{"rendered":"https:\/\/www.moisdesnoirslanaudiere.org\/?page_id=83"},"modified":"2026-01-11T03:13:34","modified_gmt":"2026-01-11T02:13:34","slug":"porte-parole","status":"publish","type":"page","link":"https:\/\/www.moisdesnoirslanaudiere.org\/index.php\/porte-parole\/","title":{"rendered":"Porte parole 2026"},"content":{"rendered":"\n<div class=\"wp-block-media-text is-stacked-on-mobile\" style=\"grid-template-columns:45% auto\"><figure class=\"wp-block-media-text__media\"><img loading=\"lazy\" decoding=\"async\" width=\"683\" height=\"1024\" src=\"https:\/\/www.moisdesnoirslanaudiere.org\/wp-content\/uploads\/2026\/01\/WhatsApp-Image-2026-01-10-at-13.06.08-683x1024.jpeg\" alt=\"\" class=\"wp-image-289 size-large\" srcset=\"https:\/\/www.moisdesnoirslanaudiere.org\/wp-content\/uploads\/2026\/01\/WhatsApp-Image-2026-01-10-at-13.06.08-683x1024.jpeg 683w, https:\/\/www.moisdesnoirslanaudiere.org\/wp-content\/uploads\/2026\/01\/WhatsApp-Image-2026-01-10-at-13.06.08-200x300.jpeg 200w, https:\/\/www.moisdesnoirslanaudiere.org\/wp-content\/uploads\/2026\/01\/WhatsApp-Image-2026-01-10-at-13.06.08-768x1151.jpeg 768w, https:\/\/www.moisdesnoirslanaudiere.org\/wp-content\/uploads\/2026\/01\/WhatsApp-Image-2026-01-10-at-13.06.08-1025x1536.jpeg 1025w, https:\/\/www.moisdesnoirslanaudiere.org\/wp-content\/uploads\/2026\/01\/WhatsApp-Image-2026-01-10-at-13.06.08.jpeg 1366w\" sizes=\"auto, (max-width: 683px) 100vw, 683px\" \/><\/figure><div class=\"wp-block-media-text__content\">\n<p><\/p>\n\n\n\n<p><strong>Madame Guerda Amazan nomm\u00e9e porte-parole du Mois de l\u2019histoire des Noirs dans Lanaudi\u00e8re 2026<\/strong><\/p>\n\n\n\n<p>La Table du mois de l&#8217;histoire des Noirs de Lanaudi\u00e8re est fier d\u2019annoncer la nomination de <strong>Madame Guerda Amazan<\/strong> \u00e0 titre de <strong>porte-parole officielle du Mois de l\u2019histoire des Noirs dans Lanaudi\u00e8re 2026<\/strong>. Cette nomination s\u2019inscrit dans la volont\u00e9 de mettre en lumi\u00e8re des parcours d\u2019exception, de renforcer le dialogue citoyen et de valoriser les contributions des communaut\u00e9s noires \u00e0 la vie sociale, culturelle et \u00e9conomique de la r\u00e9gion.<\/p>\n\n\n\n<p>Figure reconnue pour la port\u00e9e de son engagement et de son leadership, Mme Amazan a re\u00e7u plusieurs hommages, dont <strong>la M\u00e9daille du Parlement du Canada<\/strong>, qui lui a \u00e9t\u00e9 d\u00e9cern\u00e9e dans le cadre du Mois de l\u2019histoire des Noirs de Lanaudi\u00e8re. Elle a \u00e9galement \u00e9t\u00e9 porte-parole \u00e0 plusieurs reprises, notamment lors du <strong>Mois du cr\u00e9ole (2015)<\/strong>, ainsi que dans diverses initiatives de valorisation culturelle, citoyenne et communautaire.<\/p>\n\n\n\n<details class=\"wp-block-details is-layout-flow wp-block-details-is-layout-flow\"><summary><\/summary>\n<p><\/p>\n\n\n\n<p><\/p>\n<\/details>\n<\/div><\/div>\n\n\n\n<p>Professionnelle engag\u00e9e et polyvalente, <strong>Guerda Amazan<\/strong> est reconnue pour son leadership en <strong>gouvernance communautaire<\/strong>, en <strong>gestion strat\u00e9gique<\/strong> et en <strong>promotion de l\u2019\u00e9galit\u00e9 femmes-hommes<\/strong>. Form\u00e9e en gestion des affaires, en \u00e9galit\u00e9 des sexes, en leadership et en courtage immobilier, elle met son expertise au service d\u2019un d\u00e9veloppement inclusif, \u00e9quitable et durable. Conf\u00e9renci\u00e8re et mentore, elle accompagne des femmes, des leaders \u00e9mergents et des organisations dans leur structuration, leur d\u00e9veloppement et leur passage \u00e0 l\u2019action.<\/p>\n\n\n\n<p>Son implication l\u2019a men\u00e9e \u00e0 prendre part \u00e0 des rencontres et instances internationales, notamment aupr\u00e8s de <strong>l\u2019Organisation des Nations Unies<\/strong>, de la <strong>Francophonie<\/strong>, de <strong>l\u2019Organisation des \u00c9tats am\u00e9ricains<\/strong> et de la <strong>Commission \u00e9conomique pour l\u2019Am\u00e9rique latine et les Cara\u00efbes<\/strong>, contribuant activement aux r\u00e9flexions et aux actions li\u00e9es aux droits des femmes, \u00e0 l\u2019inclusion et \u00e0 la justice sociale.<\/p>\n\n\n\n<p><\/p>\n\n\n\n<blockquote class=\"wp-block-quote is-layout-flow wp-block-quote-is-layout-flow\">\n<p>\u00ab La nomination de Mme Guerda Amazan comme porte-parole du Mois de l\u2019histoire des Noirs dans Lanaudi\u00e8re 2026 est un signal fort. Son parcours inspire, son expertise rassemble, et son engagement contribue \u00e0 construire une soci\u00e9t\u00e9 plus \u00e9quitable et plus inclusive \u00bb, souligne <strong>Pierre Richard Thomas, co-coordonnateur de la Table.<\/strong><\/p>\n<\/blockquote>\n\n\n\n<p>Fondatrice et pr\u00e9sidente-directrice g\u00e9n\u00e9rale de <strong>Nouvel \u00c9lan Immobilier<\/strong>, Mme Amazan allie expertise professionnelle et responsabilit\u00e9 sociale, en misant sur l\u2019humanit\u00e9, la rigueur et la vision pour favoriser l\u2019accessibilit\u00e9 \u00e0 la propri\u00e9t\u00e9 et le renforcement des capacit\u00e9s individuelles et collectives.<\/p>\n\n\n\n<p>Au cours du Mois de l\u2019histoire des Noirs 2026, Mme Amazan pr\u00eatera sa voix et son leadership afin d\u2019encourager la participation du public, de soutenir les initiatives locales et de promouvoir une programmation ax\u00e9e sur la m\u00e9moire, la contribution, la justice et la coh\u00e9sion sociale dans Lanaudi\u00e8re.<\/p>\n\n\n\n<p>Pour en savoir plus sur la table du mois de l&#8217;histoire des Noirs de Lanaudi\u00e8re et consulter le calendrier du Mois de l\u2019Histoire des Noirs 2025 dans Lanaudi\u00e8re, visitez le site officiel : <a href=\"https:\/\/www.moisdesnoirslanaudiere.org\/\">https:\/\/www.moisdesnoirslanaudiere.org\/<\/a> Votre participation contribuera \u00e0 encourager un dialogue respectueux et enrichissant, afin de consolider notre patrimoine commun et d\u2019avancer vers un avenir \u00e9quitable.<\/p>\n","protected":false},"excerpt":{"rendered":"<p>Professionnelle engag\u00e9e et polyvalente, Guerda Amazan est reconnue pour son [&hellip;]<\/p>\n","protected":false},"author":1,"featured_media":0,"parent":0,"menu_order":0,"comment_status":"closed","ping_status":"closed","template":"","meta":{"footnotes":""},"class_list":["post-83","page","type-page","status-publish","hentry"],"_links":{"self":[{"href":"https:\/\/www.moisdesnoirslanaudiere.org\/index.php\/wp-json\/wp\/v2\/pages\/83","targetHints":{"allow":["GET"]}}],"collection":[{"href":"https:\/\/www.moisdesnoirslanaudiere.org\/index.php\/wp-json\/wp\/v2\/pages"}],"about":[{"href":"https:\/\/www.moisdesnoirslanaudiere.org\/index.php\/wp-json\/wp\/v2\/types\/page"}],"author":[{"embeddable":true,"href":"https:\/\/www.moisdesnoirslanaudiere.org\/index.php\/wp-json\/wp\/v2\/users\/1"}],"replies":[{"embeddable":true,"href":"https:\/\/www.moisdesnoirslanaudiere.org\/index.php\/wp-json\/wp\/v2\/comments?post=83"}],"version-history":[{"count":7,"href":"https:\/\/www.moisdesnoirslanaudiere.org\/index.php\/wp-json\/wp\/v2\/pages\/83\/revisions"}],"predecessor-version":[{"id":291,"href":"https:\/\/www.moisdesnoirslanaudiere.org\/index.php\/wp-json\/wp\/v2\/pages\/83\/revisions\/291"}],"wp:attachment":[{"href":"https:\/\/www.moisdesnoirslanaudiere.org\/index.php\/wp-json\/wp\/v2\/media?parent=83"}],"curies":[{"name":"wp","href":"https:\/\/api.w.org\/{rel}","templated":true}]}}